{"id":460,"date":"2023-09-26T09:01:24","date_gmt":"2023-09-26T12:01:24","guid":{"rendered":"https:\/\/anitas.warpingcube.com\/?page_id=460"},"modified":"2026-04-08T11:35:21","modified_gmt":"2026-04-08T14:35:21","slug":"programa-genetico","status":"publish","type":"page","link":"https:\/\/lasanitas.com.uy\/en\/programa-genetico\/","title":{"rendered":"Genetic program"},"content":{"rendered":"<div class=\"et_pb_section_0 et_pb_section et_section_regular et_block_section et_animated\">\n<div class=\"et_pb_row_0 et_pb_row et_block_row\">\n<div class=\"et_pb_column_0 et_pb_column et_pb_column_4_4 et-last-child et_block_column et_pb_css_mix_blend_mode_passthrough\">\n<div class=\"et_pb_text_0 et_pb_text et_pb_bg_layout_light et_pb_module et_block_module preset--module--divi-text--c16985e1-e0d6-4022-964d-e2bfc04fa633\"><div class=\"et_pb_text_inner\"><h1>NUESTRO<\/h1>\n<\/div><\/div>\n\n<div class=\"et_pb_text_1 et_pb_text et_pb_bg_layout_light et_pb_module et_block_module preset--module--divi-text--c16985e1-e0d6-4022-964d-e2bfc04fa633\"><div class=\"et_pb_text_inner\"><h1 style=\"font-weight: 900;\">PROGRAMA GEN\u00e9TICO<\/h1>\n<\/div><\/div>\n<\/div>\n<\/div>\n<\/div>\n\n<div class=\"et_pb_section_1 et_pb_section et_section_regular et_block_section\">\n<div class=\"et_pb_row_1 et_pb_row et-vb-row--no-module et_pb_equal_columns et_block_row\">\n<div class=\"et_pb_column_1 et_pb_column et_pb_column_4_4 et-last-child et_block_column et_pb_column_empty et_pb_css_mix_blend_mode_passthrough\"><\/div>\n<\/div>\n<\/div>\n\n<div class=\"et_pb_section_2 et_pb_section et_section_regular et_flex_section\">\n<div class=\"et_pb_row_2 et_pb_row et_pb_equal_columns et_block_row\">\n<div class=\"et_pb_column_2 et_pb_column et_pb_column_1_2 et_block_column et_pb_css_mix_blend_mode_passthrough\">\n<div class=\"et_pb_divider_0 et_pb_divider_hidden et_pb_space et_pb_divider_position_top et_pb_module\"><div class=\"et_pb_divider_internal\"><\/div><\/div>\n<\/div>\n\n<div class=\"et_pb_column_3 et_pb_column et_pb_column_1_2 et-last-child et_block_column et_pb_css_mix_blend_mode_passthrough et_animated\">\n<div class=\"et_pb_text_2 et_pb_text et_pb_bg_layout_light et_pb_module et_block_module preset--module--divi-text--bf8a3c7d-b4b8-42f2-8423-cd9b6a005f8b\"><div class=\"et_pb_text_inner\"><h2>Nuestro Programa de SelecciOn y Manejo<\/h2>\n<\/div><\/div>\n\n<div class=\"et_pb_text_3 et_pb_text et_pb_bg_layout_light et_pb_module et_block_module preset--module--divi-text--6759cdc1-424e-4326-a0df-14ec0c9beb39\"><div class=\"et_pb_text_inner\"><p>Las Anitas is a family agricultural business that carries out its activity in Durazno and Flores fields. Based on the natural field (70% of the company's total) and on livestock as the main sector, the genetic program has been acting as a supplier of bulls and semen for its own use for many years.<\/p>\n<p>Son 350 las vacas madres que en la actualidad se encargan de producir los toros y vaquillonas de reposici\u00f3n que la empresa utiliza y tambi\u00e9n ofrece al mercado todos los a\u00f1os. Ellas nacen y est\u00e1n al pie de su madre por 7 meses a campo natural. Se destetan sobre pasturas invernales para asegurar su correcto desarrollo y una vez pre\u00f1adas de su primer ternero pasan siempre a producir sobre campos naturales nuevamente.<\/p>\n<p>Nuestra filosof\u00eda en este sentido es simple: que las vacas trabajen para nosotros y no nosotros para ellas. La que se pre\u00f1a todos los a\u00f1os, tiene buena ubre y desteta un ternero pesado sigue en producci\u00f3n. La que no lo hace pasa a invernada. Somos muy exigentes en cuanto a caracter\u00edsticas de funcionalidad: ubre, patas, mantenimiento a campo natural y por sobre todas las cosas el destete de terneros sanos y pesados.<\/p>\n<\/div><\/div>\n<\/div>\n<\/div>\n\n<div class=\"et_pb_row_3 et_pb_row et_pb_equal_columns et_block_row\">\n<div class=\"et_pb_column_4 et_pb_column et_pb_column_1_2 et_block_column et_pb_css_mix_blend_mode_passthrough et_animated\">\n<div class=\"et_pb_image_0 et_pb_image et_pb_module et_block_module\"><span class=\"et_pb_image_wrap\"><img loading=\"lazy\" decoding=\"async\" src=\"https:\/\/lasanitas.com.uy\/wp-content\/uploads\/2026\/03\/attorney-1.png\" width=\"260\" height=\"44\" srcset=\"https:\/\/lasanitas.com.uy\/wp-content\/uploads\/2026\/03\/attorney-1.png 260w, https:\/\/lasanitas.com.uy\/wp-content\/uploads\/2026\/03\/attorney-1-18x3.png 18w\" sizes=\"(max-width: 260px) 100vw, 260px\" class=\"wp-image-1896\" title=\"attorney-1\" \/><\/span><\/div>\n\n<div class=\"et_pb_text_4 et_pb_text et_pb_bg_layout_light et_pb_module et_block_module preset--module--divi-text--6759cdc1-424e-4326-a0df-14ec0c9beb39\"><div class=\"et_pb_text_inner\"><p>Los toros tambi\u00e9n pasan sus primeros 7 meses de vida al pie de la madre \u00fanicamente sobre campo natural.\u00a0 Seg\u00fan las condiciones clim\u00e1ticas y por lo tanto forrajeras del campo se destetan en el entorno de los 220 y 240 kgs de promedio todos los a\u00f1os.<\/p>\n<p>Una vez pasado el destete entran a su primer invierno a corral en Estancia El Paraguay. Esto nos asegura un correcto desarrollo de sus f\u00edsicos, ya que la dieta es alta en contenido de fibra y baja en contenido de energ\u00eda. A partir de la primavera van a pasturas y campos naturales hasta su preparaci\u00f3n para el Remate que empieza en el oto\u00f1o siguiente.<\/p>\n<p>Para que expresen todo su potencial entran a praderas y verdeos invernales apoyados con una dieta de base silo de sorgo + ma\u00edz grano todo producci\u00f3n propia. Les exigimos que cumplan con lo que todo reproductor macho debe tener a nuestro criterio: correcci\u00f3n estructural, masas musculares densas y car\u00e1cter de toro.<\/p>\n<\/div><\/div>\n<\/div>\n\n<div class=\"et_pb_column_5 et_pb_column et_pb_column_1_2 et-last-child et_block_column et_pb_css_mix_blend_mode_passthrough\">\n<div class=\"et_pb_divider_1 et_pb_divider_hidden et_pb_space et_pb_divider_position_top et_pb_module\"><div class=\"et_pb_divider_internal\"><\/div><\/div>\n<\/div>\n<\/div>\n\n<div class=\"et_pb_row_4 et_pb_row et_pb_equal_columns et_block_row\">\n<div class=\"et_pb_column_6 et_pb_column et_pb_column_1_2 et_block_column et_pb_css_mix_blend_mode_passthrough\">\n<div class=\"et_pb_image_1 et_pb_image et_pb_module et_block_module\"><span class=\"et_pb_image_wrap\"><img loading=\"lazy\" decoding=\"async\" src=\"https:\/\/lasanitas.com.uy\/wp-content\/uploads\/2026\/03\/attorney-1.png\" width=\"260\" height=\"44\" srcset=\"https:\/\/lasanitas.com.uy\/wp-content\/uploads\/2026\/03\/attorney-1.png 260w, https:\/\/lasanitas.com.uy\/wp-content\/uploads\/2026\/03\/attorney-1-18x3.png 18w\" sizes=\"(max-width: 260px) 100vw, 260px\" class=\"wp-image-1896\" title=\"attorney-1\" \/><\/span><\/div>\n\n<div class=\"et_pb_text_5 et_pb_text et_pb_bg_layout_light et_pb_module et_block_module preset--module--divi-text--6759cdc1-424e-4326-a0df-14ec0c9beb39\"><div class=\"et_pb_text_inner\"><p>To the already mentioned phenotypic characteristics that we work on, we add an extensive list of objective measurements that help us in genetic progress. These bulls are measured and weighed at the following stages of their lives:<\/p>\n<ul>\n<li>Birth<\/li>\n<li>Weaning<\/li>\n<li>15 months (scrotal circumference is also measured)<\/li>\n<li>18 months (intramuscular fat and steak eye area are also measured)<\/li>\n<\/ul>\n<p>In addition, all their mothers are weighed at the time of weaning, in order to generate data for the EPD of Adult Weight of the Cow.<\/p>\n<\/div><\/div>\n<\/div>\n\n<div class=\"et_pb_column_7 et_pb_column et_pb_column_1_2 et-last-child et_block_column et_pb_css_mix_blend_mode_passthrough\">\n<div class=\"et_pb_image_2 et_pb_image et_pb_module et_block_module\"><span class=\"et_pb_image_wrap\"><img loading=\"lazy\" decoding=\"async\" src=\"https:\/\/lasanitas.com.uy\/wp-content\/uploads\/2026\/03\/attorney-1.png\" width=\"260\" height=\"44\" srcset=\"https:\/\/lasanitas.com.uy\/wp-content\/uploads\/2026\/03\/attorney-1.png 260w, https:\/\/lasanitas.com.uy\/wp-content\/uploads\/2026\/03\/attorney-1-18x3.png 18w\" sizes=\"(max-width: 260px) 100vw, 260px\" class=\"wp-image-1896\" title=\"attorney-1\" \/><\/span><\/div>\n\n<div class=\"et_pb_text_6 et_pb_text et_pb_bg_layout_light et_pb_module et_block_module preset--module--divi-text--6759cdc1-424e-4326-a0df-14ec0c9beb39\"><div class=\"et_pb_text_inner\"><p>These bulls go out year after year to work in different environments, and are designed for use in grazing conditions in natural fields, since the vast majority of our clients work that way. So we see that our bulls work on Route 31 between Tacuaremb\u00f3 and Salto as satisfactorily as in La Paloma, Rocha,\nto cite just one example.\u00a0<\/p>\n<p>When you invest in \u201cLos Toros de Alfonso\u201d you are investing in GENETIC IMPROVEMENT. A reliable program with more than 80 years of work in our fields.\u00a0\u00a0<\/p>\n<\/div><\/div>\n<\/div>\n<\/div>\n<\/div>\n\n<div class=\"et_pb_section_3 et_pb_section et_section_regular et_block_section\">\n<div class=\"et_pb_row_5 et_pb_row et_pb_gutters1 et_block_row\">\n<div class=\"et_pb_column_8 et_pb_column et_pb_column_4_4 et-last-child et_block_column et_pb_css_mix_blend_mode_passthrough\">\n<div class=\"et_pb_gallery_0 et_pb_gallery et_pb_bg_layout_light et_pb_gallery_grid et_pb_module\" data-auto-rotate=\"off\" data-auto-rotate-speed=\"\"><div class=\"et_pb_gallery_items et_post_gallery clearfix et_grid_module\" data-per_page=\"30\"><div class=\"et_pb_gallery_item et_pb_grid_item et_pb_gallery_item_0_0\"><div class=\"et_pb_gallery_image landscape\" data-per_page=\"30\"><a href=\"https:\/\/lasanitas.com.uy\/wp-content\/uploads\/2026\/03\/TOROS-PADRES-1-1.jpg\" title=\"TOROS PADRES (1)\"><img loading=\"lazy\" decoding=\"async\" width=\"400\" height=\"284\" src=\"https:\/\/lasanitas.com.uy\/wp-content\/uploads\/2026\/03\/TOROS-PADRES-1-1-400x284.jpg\" alt=\"\" class=\"wp-image-1918\" srcset=\"https:\/\/lasanitas.com.uy\/wp-content\/uploads\/2026\/03\/TOROS-PADRES-1-1.jpg 479w, https:\/\/lasanitas.com.uy\/wp-content\/uploads\/2026\/03\/TOROS-PADRES-1-1-400x284.jpg 480w\" sizes=\"(max-width:479px) 479px, 100vw\" \/><span class=\"et_overlay\" data-icon=\"\" data-icon-tablet=\"\" data-icon-phone=\"\"><\/span><\/a><\/div><\/div><div class=\"et_pb_gallery_item et_pb_grid_item et_pb_gallery_item_0_1\"><div class=\"et_pb_gallery_image landscape\" data-per_page=\"30\"><a href=\"https:\/\/lasanitas.com.uy\/wp-content\/uploads\/2026\/03\/GORDA-scaled.jpg\" title=\"GORDA\"><img loading=\"lazy\" decoding=\"async\" width=\"400\" height=\"284\" src=\"https:\/\/lasanitas.com.uy\/wp-content\/uploads\/2026\/03\/GORDA-400x284.jpg\" alt=\"\" class=\"wp-image-1924\" srcset=\"https:\/\/lasanitas.com.uy\/wp-content\/uploads\/2026\/03\/GORDA-scaled.jpg 479w, https:\/\/lasanitas.com.uy\/wp-content\/uploads\/2026\/03\/GORDA-400x284.jpg 480w\" sizes=\"(max-width:479px) 479px, 100vw\" \/><span class=\"et_overlay\" data-icon=\"\" data-icon-tablet=\"\" data-icon-phone=\"\"><\/span><\/a><\/div><\/div><div class=\"et_pb_gallery_item et_pb_grid_item et_pb_gallery_item_0_2\"><div class=\"et_pb_gallery_image landscape\" data-per_page=\"30\"><a href=\"https:\/\/lasanitas.com.uy\/wp-content\/uploads\/2026\/03\/DONANTES-1-1-1-scaled.jpg\" title=\"DONANTES (1) (1)\"><img loading=\"lazy\" decoding=\"async\" width=\"400\" height=\"284\" src=\"https:\/\/lasanitas.com.uy\/wp-content\/uploads\/2026\/03\/DONANTES-1-1-1-400x284.jpg\" alt=\"\" class=\"wp-image-1925\" srcset=\"https:\/\/lasanitas.com.uy\/wp-content\/uploads\/2026\/03\/DONANTES-1-1-1-scaled.jpg 479w, https:\/\/lasanitas.com.uy\/wp-content\/uploads\/2026\/03\/DONANTES-1-1-1-400x284.jpg 480w\" sizes=\"(max-width:479px) 479px, 100vw\" \/><span class=\"et_overlay\" data-icon=\"\" data-icon-tablet=\"\" data-icon-phone=\"\"><\/span><\/a><\/div><\/div><div class=\"et_pb_gallery_item et_pb_grid_item et_pb_gallery_item_0_3\"><div class=\"et_pb_gallery_image landscape\" data-per_page=\"30\"><a href=\"https:\/\/lasanitas.com.uy\/wp-content\/uploads\/2026\/03\/BLANCA-MARRON-10-25-scaled.jpg\" title=\"BLANCA MARRON 10-25\"><img loading=\"lazy\" decoding=\"async\" width=\"400\" height=\"284\" src=\"https:\/\/lasanitas.com.uy\/wp-content\/uploads\/2026\/03\/BLANCA-MARRON-10-25-400x284.jpg\" alt=\"\" class=\"wp-image-1919\" srcset=\"https:\/\/lasanitas.com.uy\/wp-content\/uploads\/2026\/03\/BLANCA-MARRON-10-25-scaled.jpg 479w, https:\/\/lasanitas.com.uy\/wp-content\/uploads\/2026\/03\/BLANCA-MARRON-10-25-400x284.jpg 480w\" sizes=\"(max-width:479px) 479px, 100vw\" \/><span class=\"et_overlay\" data-icon=\"\" data-icon-tablet=\"\" data-icon-phone=\"\"><\/span><\/a><\/div><\/div><div class=\"et_pb_gallery_item et_pb_grid_item et_pb_gallery_item_0_4\"><div class=\"et_pb_gallery_image landscape\" data-per_page=\"30\"><a href=\"https:\/\/lasanitas.com.uy\/wp-content\/uploads\/2026\/03\/PROGRAMA-GENETICO-1-1-1.jpg\" title=\"PROGRAMA GEN\u00c9TICO (1) (1)\"><img loading=\"lazy\" decoding=\"async\" width=\"400\" height=\"284\" src=\"https:\/\/lasanitas.com.uy\/wp-content\/uploads\/2026\/03\/PROGRAMA-GENETICO-1-1-1-400x284.jpg\" alt=\"\" class=\"wp-image-1926\" srcset=\"https:\/\/lasanitas.com.uy\/wp-content\/uploads\/2026\/03\/PROGRAMA-GENETICO-1-1-1.jpg 479w, https:\/\/lasanitas.com.uy\/wp-content\/uploads\/2026\/03\/PROGRAMA-GENETICO-1-1-1-400x284.jpg 480w\" sizes=\"(max-width:479px) 479px, 100vw\" \/><span class=\"et_overlay\" data-icon=\"\" data-icon-tablet=\"\" data-icon-phone=\"\"><\/span><\/a><\/div><\/div><div class=\"et_pb_gallery_item et_pb_grid_item et_pb_gallery_item_0_5\"><div class=\"et_pb_gallery_image landscape\" data-per_page=\"30\"><a href=\"https:\/\/lasanitas.com.uy\/wp-content\/uploads\/2026\/03\/EMPERATRIZ-2025-scaled.jpg\" title=\"EMPERATRIZ 2025\"><img loading=\"lazy\" decoding=\"async\" width=\"400\" height=\"284\" src=\"https:\/\/lasanitas.com.uy\/wp-content\/uploads\/2026\/03\/EMPERATRIZ-2025-400x284.jpg\" alt=\"\" class=\"wp-image-1921\" srcset=\"https:\/\/lasanitas.com.uy\/wp-content\/uploads\/2026\/03\/EMPERATRIZ-2025-scaled.jpg 479w, https:\/\/lasanitas.com.uy\/wp-content\/uploads\/2026\/03\/EMPERATRIZ-2025-400x284.jpg 480w\" sizes=\"(max-width:479px) 479px, 100vw\" \/><span class=\"et_overlay\" data-icon=\"\" data-icon-tablet=\"\" data-icon-phone=\"\"><\/span><\/a><\/div><\/div><div class=\"et_pb_gallery_item et_pb_grid_item et_pb_gallery_item_0_6\"><div class=\"et_pb_gallery_image landscape\" data-per_page=\"30\"><a href=\"https:\/\/lasanitas.com.uy\/wp-content\/uploads\/2026\/03\/COSECHADORA-1-scaled.jpg\" title=\"COSECHADORA (1)\"><img loading=\"lazy\" decoding=\"async\" width=\"400\" height=\"284\" src=\"https:\/\/lasanitas.com.uy\/wp-content\/uploads\/2026\/03\/COSECHADORA-1-400x284.jpg\" alt=\"\" class=\"wp-image-1920\" srcset=\"https:\/\/lasanitas.com.uy\/wp-content\/uploads\/2026\/03\/COSECHADORA-1-scaled.jpg 479w, https:\/\/lasanitas.com.uy\/wp-content\/uploads\/2026\/03\/COSECHADORA-1-400x284.jpg 480w\" sizes=\"(max-width:479px) 479px, 100vw\" \/><span class=\"et_overlay\" data-icon=\"\" data-icon-tablet=\"\" data-icon-phone=\"\"><\/span><\/a><\/div><\/div><div class=\"et_pb_gallery_item et_pb_grid_item et_pb_gallery_item_0_7\"><div class=\"et_pb_gallery_image landscape\" data-per_page=\"30\"><a href=\"https:\/\/lasanitas.com.uy\/wp-content\/uploads\/2026\/03\/GLORIA-scaled.jpg\" title=\"GLORIA\"><img loading=\"lazy\" decoding=\"async\" width=\"400\" height=\"284\" src=\"https:\/\/lasanitas.com.uy\/wp-content\/uploads\/2026\/03\/GLORIA-400x284.jpg\" alt=\"\" class=\"wp-image-1923\" srcset=\"https:\/\/lasanitas.com.uy\/wp-content\/uploads\/2026\/03\/GLORIA-scaled.jpg 479w, https:\/\/lasanitas.com.uy\/wp-content\/uploads\/2026\/03\/GLORIA-400x284.jpg 480w\" sizes=\"(max-width:479px) 479px, 100vw\" \/><span class=\"et_overlay\" data-icon=\"\" data-icon-tablet=\"\" data-icon-phone=\"\"><\/span><\/a><\/div><\/div><\/div><\/div>\n<\/div>\n<\/div>\n<\/div>\n\n<div class=\"et_pb_section_4 et_pb_section et_section_regular et_block_section\">\n<div class=\"et_pb_row_6 et_pb_row et_block_row\">\n<div class=\"et_pb_column_9 et_pb_column et_pb_column_4_4 et-last-child et_block_column et_pb_css_mix_blend_mode_passthrough\">\n<div class=\"et_pb_text_7 et_pb_text et_pb_bg_layout_light et_pb_module et_block_module preset--module--divi-text--3d937050-b70a-4f48-8c9d-7012a1e0245f\" id=\"contacto\"><div class=\"et_pb_text_inner\"><h2>CONTACT US<\/h2>\n<\/div><\/div>\n\n<div class=\"et_pb_contact_form_0 et_pb_contact_form_container clearfix et_pb_recaptcha_enabled et_pb_module et_flex_module preset--module--divi-contact-form--4e988553-1924-4b77-baf5-759233ca7e54\" data-form_unique_num=\"0\" data-form_unique_id=\"136f4204-2c8c-4920-be1c-12762be9b4b5\" id=\"et_pb_contact_form_136f4204-2c8c-4920-be1c-12762be9b4b5\"><div class=\"et-pb-contact-message\"><\/div><div class=\"et_pb_contact\"><form class=\"et_pb_contact_form et_flex_module\" method=\"post\" action=\"https:\/\/lasanitas.com.uy\/en\/wp-json\/wp\/v2\/pages\/460\" data-trp-original-action=\"https:\/\/lasanitas.com.uy\/en\/wp-json\/wp\/v2\/pages\/460\">\n<div class=\"et_pb_contact_field_0 et_pb_contact_field et_pb_module et_flex_module et_flex_column_24_24 et_flex_column_24_24_tablet et_flex_column_24_24_phone\" data-id=\"name\" data-type=\"input\"><label class=\"et_pb_contact_form_label\" for=\"et_pb_contact_0_name_0\">Name<\/label><input type=\"text\" name=\"et_pb_contact_0_name_0\" id=\"et_pb_contact_0_name_0\" class=\"input\" data-required_mark=\"required\" data-field_type=\"input\" data-original_id=\"name\" placeholder=\"Name\" title=\"\" value=\"\" \/><\/div>\n\n<div class=\"et_pb_contact_field_1 et_pb_contact_field et_pb_module et_flex_module et_flex_column_24_24 et_flex_column_24_24_tablet et_flex_column_24_24_phone\" data-id=\"email\" data-type=\"email\"><label class=\"et_pb_contact_form_label\" for=\"et_pb_contact_0_email_1\">Email<\/label><input type=\"text\" name=\"et_pb_contact_0_email_1\" id=\"et_pb_contact_0_email_1\" class=\"input\" data-required_mark=\"required\" data-field_type=\"email\" data-original_id=\"email\" placeholder=\"Email\" title=\"\" value=\"\" \/><\/div>\n\n<div class=\"et_pb_contact_field_2 et_pb_contact_field et_pb_module et_flex_module et_flex_column_24_24 et_flex_column_24_24_tablet et_flex_column_24_24_phone\" data-id=\"message\" data-type=\"text\"><label class=\"et_pb_contact_form_label\" for=\"et_pb_contact_0_message_2\">Message<\/label><textarea name=\"et_pb_contact_0_message_2\" id=\"et_pb_contact_0_message_2\" class=\"et_pb_contact_message input\" data-required_mark=\"required\" data-field_type=\"text\" data-original_id=\"message\" placeholder=\"Message\"><\/textarea><\/div>\n<input type=\"hidden\" name=\"et_pb_contactform_submit_136f4204-2c8c-4920-be1c-12762be9b4b5\" value=\"et_contact_proccess\" \/><div class=\"et_contact_bottom_container\"><div class=\"et_pb_button_wrapper\"><button type=\"submit\" name=\"et_builder_submit_button\" class=\"et_pb_button et_pb_contact_submit\">Contact<\/button><\/div><\/div><input type=\"hidden\" id=\"_wpnonce-et-pb-contact-form-submitted-136f4204-2c8c-4920-be1c-12762be9b4b5\" name=\"_wpnonce-et-pb-contact-form-submitted-136f4204-2c8c-4920-be1c-12762be9b4b5\" value=\"bfd72a8144\" \/><input type=\"hidden\" name=\"_wp_http_referer\" value=\"\/en\/wp-json\/wp\/v2\/pages\/460\" \/><input type=\"hidden\" name=\"trp-form-language\" value=\"en\"\/><\/form><\/div><\/div>\n<\/div>\n<\/div>\n<\/div>","protected":false},"excerpt":{"rendered":"","protected":false},"author":2,"featured_media":738,"parent":0,"menu_order":0,"comment_status":"closed","ping_status":"closed","template":"","meta":{"footnotes":""},"class_list":["post-460","page","type-page","status-publish","has-post-thumbnail","hentry"],"acf":[],"aioseo_notices":[],"_links":{"self":[{"href":"https:\/\/lasanitas.com.uy\/en\/wp-json\/wp\/v2\/pages\/460","targetHints":{"allow":["GET"]}}],"collection":[{"href":"https:\/\/lasanitas.com.uy\/en\/wp-json\/wp\/v2\/pages"}],"about":[{"href":"https:\/\/lasanitas.com.uy\/en\/wp-json\/wp\/v2\/types\/page"}],"author":[{"embeddable":true,"href":"https:\/\/lasanitas.com.uy\/en\/wp-json\/wp\/v2\/users\/2"}],"replies":[{"embeddable":true,"href":"https:\/\/lasanitas.com.uy\/en\/wp-json\/wp\/v2\/comments?post=460"}],"version-history":[{"count":19,"href":"https:\/\/lasanitas.com.uy\/en\/wp-json\/wp\/v2\/pages\/460\/revisions"}],"predecessor-version":[{"id":2110,"href":"https:\/\/lasanitas.com.uy\/en\/wp-json\/wp\/v2\/pages\/460\/revisions\/2110"}],"wp:featuredmedia":[{"embeddable":true,"href":"https:\/\/lasanitas.com.uy\/en\/wp-json\/wp\/v2\/media\/738"}],"wp:attachment":[{"href":"https:\/\/lasanitas.com.uy\/en\/wp-json\/wp\/v2\/media?parent=460"}],"curies":[{"name":"wp","href":"https:\/\/api.w.org\/{rel}","templated":true}]}}