{"id":89,"date":"2023-07-11T15:12:31","date_gmt":"2023-07-11T18:12:31","guid":{"rendered":"https:\/\/anitas.warpingcube.com\/?page_id=89"},"modified":"2026-04-08T11:37:17","modified_gmt":"2026-04-08T14:37:17","slug":"nosotros","status":"publish","type":"page","link":"https:\/\/lasanitas.com.uy\/en\/nosotros\/","title":{"rendered":"Nosotros"},"content":{"rendered":"<div class=\"et_pb_section_0 et_pb_section et_section_regular et_block_section et_animated et-pb-has-background-video et_pb_preload\"><span class=\"et-pb-background-video\"><video autoplay loop playsinline muted><source type=\"video\/mp4\" src=\"https:\/\/lasanitas.com.uy\/wp-content\/uploads\/2023\/08\/Contact_Desktop.mp4\" \/><\/video><\/span>\n<div class=\"et_pb_row_0 et_pb_row et_block_row\">\n<div class=\"et_pb_column_0 et_pb_column et_pb_column_4_4 et-last-child et_block_column et_pb_css_mix_blend_mode_passthrough\">\n<div class=\"et_pb_text_0 et_pb_text et_pb_bg_layout_light et_pb_module et_block_module preset--module--divi-text--c16985e1-e0d6-4022-964d-e2bfc04fa633\"><div class=\"et_pb_text_inner\"><h1>NUESTRA<\/h1>\n<\/div><\/div>\n\n<div class=\"et_pb_text_1 et_pb_text et_pb_bg_layout_light et_pb_module et_block_module preset--module--divi-text--c16985e1-e0d6-4022-964d-e2bfc04fa633\"><div class=\"et_pb_text_inner\"><h1 style=\"font-weight: 900;\">HISTORIA<\/h1>\n<\/div><\/div>\n<\/div>\n<\/div>\n<\/div>\n\n<div class=\"et_pb_section_1 et_pb_section et_section_regular et_flex_section\">\n<div class=\"et_pb_row_1 et_pb_row et-vb-row--no-module et_pb_equal_columns et_block_row et_pb_section_parallax\"><span class=\"et-pb-parallax-wrapper\"><span class=\"et-pb-parallax-background et-pb-parallax-background-module--divi-row-1\" style=\"background-image:url(https:\/\/lasanitas.com.uy\/wp-content\/uploads\/2024\/09\/6.jpg)\"><\/span><\/span>\n<div class=\"et_pb_column_1 et_pb_column et_pb_column_4_4 et-last-child et_block_column et_pb_column_empty et_pb_css_mix_blend_mode_passthrough\"><\/div>\n<\/div>\n\n<div class=\"et_pb_row_2 et_pb_row et_pb_equal_columns et_block_row\">\n<div class=\"et_pb_column_2 et_pb_column et_pb_column_1_2 et_block_column et_pb_css_mix_blend_mode_passthrough et_animated\">\n<div class=\"et_pb_divider_0 et_pb_divider_hidden et_pb_space et_pb_divider_position_top et_pb_module\"><div class=\"et_pb_divider_internal\"><\/div><\/div>\n<\/div>\n\n<div class=\"et_pb_column_3 et_pb_column et_pb_column_1_2 et-last-child et_block_column et_pb_css_mix_blend_mode_passthrough et_animated\">\n<div class=\"et_pb_text_2 et_pb_text et_pb_bg_layout_light et_pb_module et_block_module preset--module--divi-text--bf8a3c7d-b4b8-42f2-8423-cd9b6a005f8b\"><div class=\"et_pb_text_inner\"><h2>Larga trayectoria<\/h2>\n<\/div><\/div>\n\n<div class=\"et_pb_text_3 et_pb_text et_pb_bg_layout_light et_pb_module et_block_module preset--module--divi-text--6759cdc1-424e-4326-a0df-14ec0c9beb39\"><div class=\"et_pb_text_inner\"><p>The long history of Las Anitas dates back to the beginning of the century, and came from the hand of Don Jos\u00e9 Alfonso, a Spanish immigrant from the Province of Le\u00f3n, Spain, who, at the age of 16, came to settle in these lands in 1902. . The first bellies were acquired from the staff of Don Alberto Puig's cabin,\nIn whose improvement, breeders from England were used, for the most part, and some of the main ranches from Uruguay. From its beginnings, genetic selection involved arduous work and, above all, great responsibility.<\/p>\n<p>This is how the person who carried out the first sales of the establishment understood it, in that first annual auction in 1938, and this is how those of us who are in charge of the business understand it today.<\/p>\n<\/div><\/div>\n<\/div>\n<\/div>\n\n<div class=\"et_pb_row_3 et_pb_row et_pb_equal_columns et_block_row\">\n<div class=\"et_pb_column_4 et_pb_column et_pb_column_1_2 et_block_column et_pb_css_mix_blend_mode_passthrough et_animated\">\n<div class=\"et_pb_image_0 et_pb_image et_pb_module et_block_module\"><span class=\"et_pb_image_wrap\"><img loading=\"lazy\" decoding=\"async\" src=\"https:\/\/lasanitas.com.uy\/wp-content\/uploads\/2026\/03\/attorney-1.png\" width=\"260\" height=\"44\" srcset=\"https:\/\/lasanitas.com.uy\/wp-content\/uploads\/2026\/03\/attorney-1.png 260w, https:\/\/lasanitas.com.uy\/wp-content\/uploads\/2026\/03\/attorney-1-18x3.png 18w\" sizes=\"(max-width: 260px) 100vw, 260px\" class=\"wp-image-1896\" title=\"attorney-1\" \/><\/span><\/div>\n\n<div class=\"et_pb_text_4 et_pb_text et_pb_bg_layout_light et_pb_module et_block_module preset--module--divi-text--6759cdc1-424e-4326-a0df-14ec0c9beb39\"><div class=\"et_pb_text_inner\"><p>Ubicada en el centro del pa\u00eds, en el paraje Feliciano, Durazno, Caba\u00f1a Las Anitas tiene m\u00e1s de 90 a\u00f1os seleccionando las mejores corrientes de sangre, constituy\u00e9ndose en uno de los caudales gen\u00e9ticos m\u00e1s importantes de la regi\u00f3n.<\/p>\n<p>Currently the company develops the three most important activities in the agricultural sector: Agriculture, Livestock and Forestry. In addition, there is a corral where different categories are strategically supplemented and the steers are fattened.<\/p>\n<p>Los cultivos principales son la soja, el ma\u00edz, el sorgo, principalmente para silo, la colza y la cebada. En lo que tiene que ver con las forrajeras y variedades usadas para la rotaci\u00f3n ganadera se trabaja con: avena, rye grass, festuca, lotus, tr\u00e9bol y alfalfa.<\/p>\n<\/div><\/div>\n\n<div class=\"et_pb_image_1 et_pb_image et_pb_module et_block_module\"><span class=\"et_pb_image_wrap\"><img loading=\"lazy\" decoding=\"async\" src=\"https:\/\/lasanitas.com.uy\/wp-content\/uploads\/2026\/03\/attorney-1.png\" width=\"260\" height=\"44\" srcset=\"https:\/\/lasanitas.com.uy\/wp-content\/uploads\/2026\/03\/attorney-1.png 260w, https:\/\/lasanitas.com.uy\/wp-content\/uploads\/2026\/03\/attorney-1-18x3.png 18w\" sizes=\"(max-width: 260px) 100vw, 260px\" class=\"wp-image-1896\" title=\"attorney-1\" \/><\/span><\/div>\n<\/div>\n\n<div class=\"et_pb_column_5 et_pb_column et_pb_column_1_2 et-last-child et_block_column et_pb_css_mix_blend_mode_passthrough et_animated\">\n<div class=\"et_pb_divider_1 et_pb_divider_hidden et_pb_space et_pb_divider_position_top et_pb_module\"><div class=\"et_pb_divider_internal\"><\/div><\/div>\n<\/div>\n<\/div>\n<\/div>\n\n<div class=\"et_pb_section_2 et_pb_section et_section_specialty et_pb_gutters3 et_block_section\"><div class=\"et_pb_row et_block_row\">\n<div class=\"et_pb_column_6 et_pb_column et_pb_column_single et_pb_column_1_2 et_block_column et_pb_css_mix_blend_mode_passthrough et_animated\">\n<div class=\"et_pb_text_5 et_pb_text et_pb_bg_layout_light et_pb_module et_block_module preset--module--divi-text--bf8a3c7d-b4b8-42f2-8423-cd9b6a005f8b\"><div class=\"et_pb_text_inner\"><h2>LOS TOROS DE ALFONSO<\/h2>\n<\/div><\/div>\n\n<div class=\"et_pb_image_2 et_pb_image et_pb_module et_block_module\"><span class=\"et_pb_image_wrap\"><img loading=\"lazy\" decoding=\"async\" src=\"https:\/\/lasanitas.com.uy\/wp-content\/uploads\/2026\/03\/attorney-1.png\" width=\"260\" height=\"44\" srcset=\"https:\/\/lasanitas.com.uy\/wp-content\/uploads\/2026\/03\/attorney-1.png 260w, https:\/\/lasanitas.com.uy\/wp-content\/uploads\/2026\/03\/attorney-1-18x3.png 18w\" sizes=\"(max-width: 260px) 100vw, 260px\" class=\"wp-image-1896\" title=\"attorney-1\" \/><\/span><\/div>\n\n<div class=\"et_pb_text_6 et_pb_text et_pb_bg_layout_light et_pb_module et_block_module preset--module--divi-text--6759cdc1-424e-4326-a0df-14ec0c9beb39\"><div class=\"et_pb_text_inner\"><p>In the livestock part, we work on a commercial herd of Hereford cows, a productive base for the steers and cows that are sent to the industry every year. The genetic program has 350 Hereford and Polled Hereford bellies that make up the pedigree stock and another 100 that make up the pure origin stock.\nAround 100 bulls and 170 bellies are sold at the \u201cLos Toros de Alfonso\u201d Annual Auction.<\/p>\n<\/div><\/div>\n<\/div>\n\n<div class=\"et_pb_column_7 et_pb_column et_pb_specialty_column et_pb_column_1_2 et-last-child et_block_column et_pb_css_mix_blend_mode_passthrough et_animated\">\n<div class=\"et_pb_row_inner_0 et_pb_row_inner et_pb_gutters1 et_block_row\">\n<div class=\"et_pb_column_inner_0 et_pb_column_inner et_pb_column et_pb_column_1_4 et_block_column et_pb_css_mix_blend_mode_passthrough\">\n<div class=\"et_pb_image_3 et_pb_image et_pb_module et_block_module\"><span class=\"et_pb_image_wrap\"><img loading=\"lazy\" decoding=\"async\" src=\"https:\/\/lasanitas.com.uy\/wp-content\/uploads\/2026\/03\/Partagas-5869.jpg\" width=\"902\" height=\"570\" srcset=\"https:\/\/lasanitas.com.uy\/wp-content\/uploads\/2026\/03\/Partagas-5869.jpg 902w, https:\/\/lasanitas.com.uy\/wp-content\/uploads\/2026\/03\/Partagas-5869-480x303.jpg 480w\" sizes=\"(min-width: 0px) and (max-width: 480px) 480px, (min-width: 481px) 902px, 100vw\" class=\"wp-image-1907\" title=\"Partagas-5869\" \/><\/span><\/div>\n<\/div>\n\n<div class=\"et_pb_column_inner_1 et_pb_column_inner et_pb_column et_pb_column_1_4 et-last-child et_block_column et_pb_css_mix_blend_mode_passthrough\">\n<div class=\"et_pb_image_4 et_pb_image et_pb_module et_block_module\"><span class=\"et_pb_image_wrap\"><img loading=\"lazy\" decoding=\"async\" src=\"https:\/\/lasanitas.com.uy\/wp-content\/uploads\/2026\/03\/DSC_4892-scaled.jpg\" width=\"2560\" height=\"1709\" srcset=\"https:\/\/lasanitas.com.uy\/wp-content\/uploads\/2026\/03\/DSC_4892-scaled.jpg 2560w, https:\/\/lasanitas.com.uy\/wp-content\/uploads\/2026\/03\/DSC_4892-1280x855.jpg 1280w, https:\/\/lasanitas.com.uy\/wp-content\/uploads\/2026\/03\/DSC_4892-980x654.jpg 980w, https:\/\/lasanitas.com.uy\/wp-content\/uploads\/2026\/03\/DSC_4892-480x320.jpg 480w\" sizes=\"(min-width: 0px) and (max-width: 480px) 480px, (min-width: 481px) and (max-width: 980px) 980px, (min-width: 981px) and (max-width: 1280px) 1280px, (min-width: 1281px) 2560px, 100vw\" class=\"wp-image-1911\" title=\"DSC_4892\" \/><\/span><\/div>\n<\/div>\n<\/div>\n<\/div>\n<\/div><\/div>\n\n<div class=\"et_pb_section_3 et_pb_section et_section_regular et_flex_section\">\n<div class=\"et_pb_row_4 et_pb_row et_pb_equal_columns et_block_row\">\n<div class=\"et_pb_column_8 et_pb_column et_pb_column_1_2 et_block_column et_pb_css_mix_blend_mode_passthrough\">\n<div class=\"et_pb_divider_2 et_pb_divider_hidden et_pb_space et_pb_divider_position_top et_pb_module\"><div class=\"et_pb_divider_internal\"><\/div><\/div>\n<\/div>\n\n<div class=\"et_pb_column_9 et_pb_column et_pb_column_1_2 et-last-child et_block_column et_pb_css_mix_blend_mode_passthrough et_animated\">\n<div class=\"et_pb_image_5 et_pb_image et_pb_module et_block_module\"><span class=\"et_pb_image_wrap\"><img loading=\"lazy\" decoding=\"async\" src=\"https:\/\/lasanitas.com.uy\/wp-content\/uploads\/2026\/03\/attorney-1.png\" width=\"260\" height=\"44\" srcset=\"https:\/\/lasanitas.com.uy\/wp-content\/uploads\/2026\/03\/attorney-1.png 260w, https:\/\/lasanitas.com.uy\/wp-content\/uploads\/2026\/03\/attorney-1-18x3.png 18w\" sizes=\"(max-width: 260px) 100vw, 260px\" class=\"wp-image-1896\" title=\"attorney-1\" \/><\/span><\/div>\n\n<div class=\"et_pb_text_7 et_pb_text et_pb_bg_layout_light et_pb_module et_block_module preset--module--divi-text--6759cdc1-424e-4326-a0df-14ec0c9beb39\"><div class=\"et_pb_text_inner\"><p>All of these breeders comply with the selection premises that the Caba\u00f1a has always had: ease of calving, maternal ability, fertility, good muscular coats strengthened in the hindquarters, pigment, skin and easy fattening. In short: functionality and adaptation to the environment.<\/p>\n<p>Furthermore, we can proudly affirm that Las Anitas breeding stock is the product of a fair combination between what EPDs (Expected Progeny Differences) are today and an irreplaceable visual appreciation. Objective information has been a complement to the selection since the 90s,\nand allows us to have support for the decisions made.<\/p>\n<\/div><\/div>\n\n<div class=\"et_pb_image_6 et_pb_image et_pb_module et_block_module\"><span class=\"et_pb_image_wrap\"><img loading=\"lazy\" decoding=\"async\" src=\"https:\/\/lasanitas.com.uy\/wp-content\/uploads\/2026\/03\/attorney-1.png\" width=\"260\" height=\"44\" srcset=\"https:\/\/lasanitas.com.uy\/wp-content\/uploads\/2026\/03\/attorney-1.png 260w, https:\/\/lasanitas.com.uy\/wp-content\/uploads\/2026\/03\/attorney-1-18x3.png 18w\" sizes=\"(max-width: 260px) 100vw, 260px\" class=\"wp-image-1896\" title=\"attorney-1\" \/><\/span><\/div>\n<\/div>\n<\/div>\n\n<div class=\"et_pb_row_5 et_pb_row et_pb_equal_columns et_block_row\">\n<div class=\"et_pb_column_10 et_pb_column et_pb_column_1_2 et_block_column et_pb_css_mix_blend_mode_passthrough et_animated\">\n<div class=\"et_pb_image_7 et_pb_image et_pb_module et_block_module\"><span class=\"et_pb_image_wrap\"><img loading=\"lazy\" decoding=\"async\" src=\"https:\/\/lasanitas.com.uy\/wp-content\/uploads\/2026\/03\/attorney-1.png\" width=\"260\" height=\"44\" srcset=\"https:\/\/lasanitas.com.uy\/wp-content\/uploads\/2026\/03\/attorney-1.png 260w, https:\/\/lasanitas.com.uy\/wp-content\/uploads\/2026\/03\/attorney-1-18x3.png 18w\" sizes=\"(max-width: 260px) 100vw, 260px\" class=\"wp-image-1896\" title=\"attorney-1\" \/><\/span><\/div>\n\n<div class=\"et_pb_text_8 et_pb_text et_pb_bg_layout_light et_pb_module et_block_module preset--module--divi-text--6759cdc1-424e-4326-a0df-14ec0c9beb39\"><div class=\"et_pb_text_inner\"><p>It is with great enthusiasm and passion that we pour out our 80 years of genetic selection, sharing our breeding philosophy, which has placed us at the forefront in the provision of sires and wombs, both for pedigree stock and for general herds.<\/p>\n<p>La Caba\u00f1a obtuvo en el a\u00f1o 2025, con \u00abEMPERATRIZ\u00bb, la Campeona Suprema y Gran Campeona Polled Hereford , lo que eleva nuestra cuenta de Grandes Campeones a 32, en una exposici\u00f3n a la que se asiste desde el a\u00f1o 1980.<\/p>\n<\/div><\/div>\n\n<div class=\"et_pb_image_8 et_pb_image et_pb_module et_block_module\"><span class=\"et_pb_image_wrap\"><img loading=\"lazy\" decoding=\"async\" src=\"https:\/\/lasanitas.com.uy\/wp-content\/uploads\/2026\/03\/attorney-1.png\" width=\"260\" height=\"44\" srcset=\"https:\/\/lasanitas.com.uy\/wp-content\/uploads\/2026\/03\/attorney-1.png 260w, https:\/\/lasanitas.com.uy\/wp-content\/uploads\/2026\/03\/attorney-1-18x3.png 18w\" sizes=\"(max-width: 260px) 100vw, 260px\" class=\"wp-image-1896\" title=\"attorney-1\" \/><\/span><\/div>\n<\/div>\n\n<div class=\"et_pb_column_11 et_pb_column et_pb_column_1_2 et-last-child et_block_column et_pb_column_empty et_pb_css_mix_blend_mode_passthrough\"><\/div>\n<\/div>\n<\/div>\n\n<div class=\"et_pb_section_4 et_pb_section et_section_regular et_block_section\">\n<div class=\"et_pb_row_6 et_pb_row et_block_row\">\n<div class=\"et_pb_column_12 et_pb_column et_pb_column_4_4 et-last-child et_block_column et_pb_css_mix_blend_mode_passthrough\">\n<div class=\"et_pb_text_9 et_pb_text et_pb_bg_layout_light et_pb_module et_block_module preset--module--divi-text--3d937050-b70a-4f48-8c9d-7012a1e0245f\" id=\"contacto\"><div class=\"et_pb_text_inner\"><h2>CONTACT US<\/h2>\n<\/div><\/div>\n\n<div class=\"et_pb_contact_form_0 et_pb_contact_form_container clearfix et_pb_recaptcha_enabled et_pb_module et_flex_module preset--module--divi-contact-form--4e988553-1924-4b77-baf5-759233ca7e54\" data-form_unique_num=\"0\" data-form_unique_id=\"7067d836e5cc6b8d0df5f1ee01accc26\" id=\"et_pb_contact_form_7067d836e5cc6b8d0df5f1ee01accc26\"><div class=\"et-pb-contact-message\"><\/div><div class=\"et_pb_contact\"><form class=\"et_pb_contact_form et_flex_module\" method=\"post\" action=\"https:\/\/lasanitas.com.uy\/en\/wp-json\/wp\/v2\/pages\/89\" data-trp-original-action=\"https:\/\/lasanitas.com.uy\/en\/wp-json\/wp\/v2\/pages\/89\">\n<div class=\"et_pb_contact_field_0 et_pb_contact_field et_pb_module et_flex_module et_flex_column_24_24 et_flex_column_24_24_tablet et_flex_column_24_24_phone\" data-id=\"name\" data-type=\"input\"><label class=\"et_pb_contact_form_label\" for=\"et_pb_contact_0_name_0\">Name<\/label><input type=\"text\" name=\"et_pb_contact_0_name_0\" id=\"et_pb_contact_0_name_0\" class=\"input\" data-required_mark=\"required\" data-field_type=\"input\" data-original_id=\"name\" placeholder=\"Name\" title=\"\" value=\"\" \/><\/div>\n\n<div class=\"et_pb_contact_field_1 et_pb_contact_field et_pb_module et_flex_module et_flex_column_24_24 et_flex_column_24_24_tablet et_flex_column_24_24_phone\" data-id=\"email\" data-type=\"email\"><label class=\"et_pb_contact_form_label\" for=\"et_pb_contact_0_email_1\">Email<\/label><input type=\"text\" name=\"et_pb_contact_0_email_1\" id=\"et_pb_contact_0_email_1\" class=\"input\" data-required_mark=\"required\" data-field_type=\"email\" data-original_id=\"email\" placeholder=\"Email\" title=\"\" value=\"\" \/><\/div>\n\n<div class=\"et_pb_contact_field_2 et_pb_contact_field et_pb_module et_flex_module et_flex_column_24_24 et_flex_column_24_24_tablet et_flex_column_24_24_phone\" data-id=\"message\" data-type=\"text\"><label class=\"et_pb_contact_form_label\" for=\"et_pb_contact_0_message_2\">Message<\/label><textarea name=\"et_pb_contact_0_message_2\" id=\"et_pb_contact_0_message_2\" class=\"et_pb_contact_message input\" data-required_mark=\"required\" data-field_type=\"text\" data-original_id=\"message\" placeholder=\"Message\"><\/textarea><\/div>\n<input type=\"hidden\" name=\"et_pb_contactform_submit_7067d836e5cc6b8d0df5f1ee01accc26\" value=\"et_contact_proccess\" \/><div class=\"et_contact_bottom_container\"><div class=\"et_pb_button_wrapper\"><button type=\"submit\" name=\"et_builder_submit_button\" class=\"et_pb_button et_pb_contact_submit\">Contact<\/button><\/div><\/div><input type=\"hidden\" id=\"_wpnonce-et-pb-contact-form-submitted-7067d836e5cc6b8d0df5f1ee01accc26\" name=\"_wpnonce-et-pb-contact-form-submitted-7067d836e5cc6b8d0df5f1ee01accc26\" value=\"ef3c706b0e\" \/><input type=\"hidden\" name=\"_wp_http_referer\" value=\"\/en\/wp-json\/wp\/v2\/pages\/89\" \/><input type=\"hidden\" name=\"trp-form-language\" value=\"en\"\/><\/form><\/div><\/div>\n<\/div>\n<\/div>\n<\/div>","protected":false},"excerpt":{"rendered":"","protected":false},"author":2,"featured_media":738,"parent":0,"menu_order":0,"comment_status":"closed","ping_status":"closed","template":"","meta":{"footnotes":""},"class_list":["post-89","page","type-page","status-publish","has-post-thumbnail","hentry"],"acf":[],"aioseo_notices":[],"_links":{"self":[{"href":"https:\/\/lasanitas.com.uy\/en\/wp-json\/wp\/v2\/pages\/89","targetHints":{"allow":["GET"]}}],"collection":[{"href":"https:\/\/lasanitas.com.uy\/en\/wp-json\/wp\/v2\/pages"}],"about":[{"href":"https:\/\/lasanitas.com.uy\/en\/wp-json\/wp\/v2\/types\/page"}],"author":[{"embeddable":true,"href":"https:\/\/lasanitas.com.uy\/en\/wp-json\/wp\/v2\/users\/2"}],"replies":[{"embeddable":true,"href":"https:\/\/lasanitas.com.uy\/en\/wp-json\/wp\/v2\/comments?post=89"}],"version-history":[{"count":36,"href":"https:\/\/lasanitas.com.uy\/en\/wp-json\/wp\/v2\/pages\/89\/revisions"}],"predecessor-version":[{"id":2111,"href":"https:\/\/lasanitas.com.uy\/en\/wp-json\/wp\/v2\/pages\/89\/revisions\/2111"}],"wp:featuredmedia":[{"embeddable":true,"href":"https:\/\/lasanitas.com.uy\/en\/wp-json\/wp\/v2\/media\/738"}],"wp:attachment":[{"href":"https:\/\/lasanitas.com.uy\/en\/wp-json\/wp\/v2\/media?parent=89"}],"curies":[{"name":"wp","href":"https:\/\/api.w.org\/{rel}","templated":true}]}}